{"id":58,"date":"2026-03-17T17:29:15","date_gmt":"2026-03-17T20:29:15","guid":{"rendered":"http:\/\/bazardajuju.com.br\/index.php\/semijoias-acessorios\/"},"modified":"2026-03-17T17:51:58","modified_gmt":"2026-03-17T20:51:58","slug":"semijoias-acessorios","status":"publish","type":"page","link":"https:\/\/bazardajuju.com.br\/index.php\/semijoias-acessorios\/","title":{"rendered":"Semijoias &#038; Acess\u00f3rios"},"content":{"rendered":"\n<p>Grandes coisas est\u00e3o no horizonte!<\/p>\n\n\n\n<p>Algo grande est\u00e1 se formando! Nossa Loja est\u00e1 em obras e ser\u00e1 lan\u00e7ada em breve<\/p>\n","protected":false},"excerpt":{"rendered":"<p>Grandes coisas est\u00e3o no horizonte! Algo grande est\u00e1 se formando! Nossa Loja est\u00e1 em obras e ser\u00e1 lan\u00e7ada em breve<\/p>\n","protected":false},"author":1,"featured_media":0,"parent":0,"menu_order":0,"comment_status":"closed","ping_status":"closed","template":"","meta":{"footnotes":""},"class_list":["post-58","page","type-page","status-publish","hentry"],"yoast_head":"<!-- This site is optimized with the Yoast SEO plugin v27.2 - https:\/\/yoast.com\/product\/yoast-seo-wordpress\/ -->\n<title>Semijoias &amp; Acess\u00f3rios -<\/title>\n<meta name=\"robots\" content=\"index, follow, max-snippet:-1, max-image-preview:large, max-video-preview:-1\" \/>\n<link rel=\"canonical\" href=\"http:\/\/bazardajuju.com.br\/index.php\/semijoias-acessorios\/\" \/>\n<meta property=\"og:locale\" content=\"pt_BR\" \/>\n<meta property=\"og:type\" content=\"article\" \/>\n<meta property=\"og:title\" content=\"Semijoias &amp; Acess\u00f3rios -\" \/>\n<meta property=\"og:description\" content=\"Grandes coisas est\u00e3o no horizonte! Algo grande est\u00e1 se formando! Nossa Loja est\u00e1 em obras e ser\u00e1 lan\u00e7ada em breve\" \/>\n<meta property=\"og:url\" content=\"http:\/\/bazardajuju.com.br\/index.php\/semijoias-acessorios\/\" \/>\n<meta property=\"article:modified_time\" content=\"2026-03-17T20:51:58+00:00\" \/>\n<meta name=\"twitter:card\" content=\"summary_large_image\" \/>\n<meta name=\"twitter:label1\" content=\"Est. tempo de leitura\" \/>\n\t<meta name=\"twitter:data1\" content=\"1 minuto\" \/>\n<script type=\"application\/ld+json\" class=\"yoast-schema-graph\">{\"@context\":\"https:\/\/schema.org\",\"@graph\":[{\"@type\":\"WebPage\",\"@id\":\"http:\/\/bazardajuju.com.br\/index.php\/semijoias-acessorios\/\",\"url\":\"http:\/\/bazardajuju.com.br\/index.php\/semijoias-acessorios\/\",\"name\":\"Semijoias & Acess\u00f3rios -\",\"isPartOf\":{\"@id\":\"https:\/\/bazardajuju.com.br\/#website\"},\"datePublished\":\"2026-03-17T20:29:15+00:00\",\"dateModified\":\"2026-03-17T20:51:58+00:00\",\"breadcrumb\":{\"@id\":\"http:\/\/bazardajuju.com.br\/index.php\/semijoias-acessorios\/#breadcrumb\"},\"inLanguage\":\"pt-BR\",\"potentialAction\":[{\"@type\":\"ReadAction\",\"target\":[\"http:\/\/bazardajuju.com.br\/index.php\/semijoias-acessorios\/\"]}]},{\"@type\":\"BreadcrumbList\",\"@id\":\"http:\/\/bazardajuju.com.br\/index.php\/semijoias-acessorios\/#breadcrumb\",\"itemListElement\":[{\"@type\":\"ListItem\",\"position\":1,\"name\":\"Home\",\"item\":\"https:\/\/bazardajuju.com.br\/\"},{\"@type\":\"ListItem\",\"position\":2,\"name\":\"Semijoias &#038; Acess\u00f3rios\"}]},{\"@type\":\"WebSite\",\"@id\":\"https:\/\/bazardajuju.com.br\/#website\",\"url\":\"https:\/\/bazardajuju.com.br\/\",\"name\":\"\",\"description\":\"\",\"potentialAction\":[{\"@type\":\"SearchAction\",\"target\":{\"@type\":\"EntryPoint\",\"urlTemplate\":\"https:\/\/bazardajuju.com.br\/?s={search_term_string}\"},\"query-input\":{\"@type\":\"PropertyValueSpecification\",\"valueRequired\":true,\"valueName\":\"search_term_string\"}}],\"inLanguage\":\"pt-BR\"}]}<\/script>\n<!-- \/ Yoast SEO plugin. -->","yoast_head_json":{"title":"Semijoias & Acess\u00f3rios -","robots":{"index":"index","follow":"follow","max-snippet":"max-snippet:-1","max-image-preview":"max-image-preview:large","max-video-preview":"max-video-preview:-1"},"canonical":"http:\/\/bazardajuju.com.br\/index.php\/semijoias-acessorios\/","og_locale":"pt_BR","og_type":"article","og_title":"Semijoias & Acess\u00f3rios -","og_description":"Grandes coisas est\u00e3o no horizonte! Algo grande est\u00e1 se formando! Nossa Loja est\u00e1 em obras e ser\u00e1 lan\u00e7ada em breve","og_url":"http:\/\/bazardajuju.com.br\/index.php\/semijoias-acessorios\/","article_modified_time":"2026-03-17T20:51:58+00:00","twitter_card":"summary_large_image","twitter_misc":{"Est. tempo de leitura":"1 minuto"},"schema":{"@context":"https:\/\/schema.org","@graph":[{"@type":"WebPage","@id":"http:\/\/bazardajuju.com.br\/index.php\/semijoias-acessorios\/","url":"http:\/\/bazardajuju.com.br\/index.php\/semijoias-acessorios\/","name":"Semijoias & Acess\u00f3rios -","isPartOf":{"@id":"https:\/\/bazardajuju.com.br\/#website"},"datePublished":"2026-03-17T20:29:15+00:00","dateModified":"2026-03-17T20:51:58+00:00","breadcrumb":{"@id":"http:\/\/bazardajuju.com.br\/index.php\/semijoias-acessorios\/#breadcrumb"},"inLanguage":"pt-BR","potentialAction":[{"@type":"ReadAction","target":["http:\/\/bazardajuju.com.br\/index.php\/semijoias-acessorios\/"]}]},{"@type":"BreadcrumbList","@id":"http:\/\/bazardajuju.com.br\/index.php\/semijoias-acessorios\/#breadcrumb","itemListElement":[{"@type":"ListItem","position":1,"name":"Home","item":"https:\/\/bazardajuju.com.br\/"},{"@type":"ListItem","position":2,"name":"Semijoias &#038; Acess\u00f3rios"}]},{"@type":"WebSite","@id":"https:\/\/bazardajuju.com.br\/#website","url":"https:\/\/bazardajuju.com.br\/","name":"","description":"","potentialAction":[{"@type":"SearchAction","target":{"@type":"EntryPoint","urlTemplate":"https:\/\/bazardajuju.com.br\/?s={search_term_string}"},"query-input":{"@type":"PropertyValueSpecification","valueRequired":true,"valueName":"search_term_string"}}],"inLanguage":"pt-BR"}]}},"_links":{"self":[{"href":"https:\/\/bazardajuju.com.br\/index.php\/wp-json\/wp\/v2\/pages\/58","targetHints":{"allow":["GET"]}}],"collection":[{"href":"https:\/\/bazardajuju.com.br\/index.php\/wp-json\/wp\/v2\/pages"}],"about":[{"href":"https:\/\/bazardajuju.com.br\/index.php\/wp-json\/wp\/v2\/types\/page"}],"author":[{"embeddable":true,"href":"https:\/\/bazardajuju.com.br\/index.php\/wp-json\/wp\/v2\/users\/1"}],"replies":[{"embeddable":true,"href":"https:\/\/bazardajuju.com.br\/index.php\/wp-json\/wp\/v2\/comments?post=58"}],"version-history":[{"count":1,"href":"https:\/\/bazardajuju.com.br\/index.php\/wp-json\/wp\/v2\/pages\/58\/revisions"}],"predecessor-version":[{"id":65,"href":"https:\/\/bazardajuju.com.br\/index.php\/wp-json\/wp\/v2\/pages\/58\/revisions\/65"}],"wp:attachment":[{"href":"https:\/\/bazardajuju.com.br\/index.php\/wp-json\/wp\/v2\/media?parent=58"}],"curies":[{"name":"wp","href":"https:\/\/api.w.org\/{rel}","templated":true}]}}